{"id":23108,"date":"2023-08-30T17:02:55","date_gmt":"2023-08-30T15:02:55","guid":{"rendered":"https:\/\/www.defensiebrandweer.nl\/?page_id=23108"},"modified":"2025-04-01T14:24:03","modified_gmt":"2025-04-01T12:24:03","slug":"kaz-463","status":"publish","type":"page","link":"https:\/\/www.defensiebrandweer.nl\/index.php\/kaz-463\/","title":{"rendered":"Kaz-463: D\u00fcnsen (D) &#8211; Forward Storage Site D\u00fcnsen"},"content":{"rendered":"<p>Op deze pagina tref je informatie aan van:<\/p>\n<p><strong>Kaz-463: D\u00fcnsen (D) &#8211; Forward Storage Site D\u00fcnsen (D)<\/strong><br \/>\n<strong>Landweg, 27243 D\u00fcnsen (D)<\/strong><\/p>\n<p><img loading=\"lazy\" decoding=\"async\" class=\"alignnone size-full wp-image-25128\" src=\"https:\/\/www.defensiebrandweer.nl\/wp-content\/uploads\/2025\/03\/Nog-Niet-Beschikbaar-Bouwwerk.jpg\" alt=\"\" width=\"444\" height=\"296\" \/><\/p>\n<p>Dit magazijncomplex was in gebruik bij de KL van\u00a0 ? &#8211; ?.<\/p>\n<p>De Forward Storage Site D\u00fcnsen is niet meer in gebruik. Het complex bestond uit een munitiecomplex en een brandstofcomplex die 800 meter uit elkaar lagen.<\/p>\n<p>&nbsp;<\/p>\n<p>&nbsp;<\/p>\n<p>Link naar offici\u00eble website van het onderdeel:<\/p>\n<p>Link naar Facebook pagina van het onderdeel:<\/p>\n<p>Overige links:<\/p>\n<p>Wikipedia<\/p>\n<p>&nbsp;<\/p>\n<p><img loading=\"lazy\" decoding=\"async\" class=\"alignnone size-full wp-image-392 aligncenter\" src=\"https:\/\/www.defensiebrandweer.nl\/wp-content\/uploads\/2020\/06\/Defensiebrandweer-NL-Outline-kl-goed-72-1.jpg\" alt=\"\" width=\"250\" height=\"21\" \/><\/p>\n<p style=\"text-align: center;\">Terug naar de pagina <strong><a href=\"https:\/\/www.defensiebrandweer.nl\/index.php\/locaties-defensie-2020\/\" target=\"_blank\" rel=\"noopener noreferrer\">Locaties Defensie<\/a>.<\/strong><\/p>\n<p style=\"text-align: center;\">Terug naar het <a href=\"https:\/\/www.defensiebrandweer.nl\/index.php\/spreadsheet-test-5\/\" target=\"_blank\" rel=\"noopener noreferrer\"><strong>Kentekenregister<\/strong> <strong>Brandweervoertuigen Defensie<\/strong><\/a>.<\/p>\n<p style=\"text-align: center;\">Terug naar de\u00a0 <strong><a href=\"https:\/\/www.defensiebrandweer.nl\/index.php\/stamkaarten-lijst\/\" target=\"_blank\" rel=\"noopener noreferrer\">Stamkaarten Lijst pagina<\/a>.<\/strong><\/p>\n<p style=\"text-align: center;\">Terug naar de <strong><a href=\"https:\/\/www.defensiebrandweer.nl\/\" target=\"_blank\" rel=\"noopener noreferrer\">Voorpagina<\/a>.<\/strong><\/p>\n<p style=\"text-align: center;\">Deze pagina is bijgewerkt op <strong>30-08-2023<\/strong>. FB.<\/p>\n<p><img loading=\"lazy\" decoding=\"async\" class=\"alignnone wp-image-17 aligncenter\" src=\"https:\/\/www.defensiebrandweer.nl\/wp-content\/uploads\/2020\/06\/Defensiebrandweer-logo-2020-002-Rond-1.jpg\" alt=\"\" width=\"80\" height=\"80\" \/><\/p>\n<p>&nbsp;<\/p>\n","protected":false},"excerpt":{"rendered":"<p>Op deze pagina tref je informatie aan van: Kaz-463: D\u00fcnsen (D) &#8211; Forward Storage Site D\u00fcnsen (D) Landweg, 27243 D\u00fcnsen (D) Dit magazijncomplex was in gebruik bij de KL van\u00a0 ? &#8211; ?. De Forward Storage Site D\u00fcnsen is niet meer in gebruik. Het complex bestond uit een munitiecomplex en een brandstofcomplex die 800 meter [&hellip;]<\/p>\n","protected":false},"author":1,"featured_media":0,"parent":0,"menu_order":0,"comment_status":"closed","ping_status":"closed","template":"page_fullwidth.php","meta":{"_bbp_topic_count":0,"_bbp_reply_count":0,"_bbp_total_topic_count":0,"_bbp_total_reply_count":0,"_bbp_voice_count":0,"_bbp_anonymous_reply_count":0,"_bbp_topic_count_hidden":0,"_bbp_reply_count_hidden":0,"_bbp_forum_subforum_count":0,"_crdt_document":"","advgb_blocks_editor_width":"","advgb_blocks_columns_visual_guide":"","footnotes":""},"class_list":["post-23108","page","type-page","status-publish","hentry"],"coauthors":[],"author_meta":{"author_link":"https:\/\/www.defensiebrandweer.nl\/index.php\/author\/adm-fred\/","display_name":"Fred"},"relative_dates":{"created":"Geplaatst 3 jaar geleden","modified":"Bijgewerkt 1 jaar geleden"},"absolute_dates":{"created":"Geplaatst op 30 augustus 2023","modified":"Bijgewerkt op 1 april 2025"},"absolute_dates_time":{"created":"Geplaatst op 30 augustus 2023 17:02","modified":"Bijgewerkt op 1 april 2025 14:24"},"featured_img_caption":"","featured_img":false,"series_order":"","_links":{"self":[{"href":"https:\/\/www.defensiebrandweer.nl\/index.php\/wp-json\/wp\/v2\/pages\/23108","targetHints":{"allow":["GET"]}}],"collection":[{"href":"https:\/\/www.defensiebrandweer.nl\/index.php\/wp-json\/wp\/v2\/pages"}],"about":[{"href":"https:\/\/www.defensiebrandweer.nl\/index.php\/wp-json\/wp\/v2\/types\/page"}],"author":[{"embeddable":true,"href":"https:\/\/www.defensiebrandweer.nl\/index.php\/wp-json\/wp\/v2\/users\/1"}],"replies":[{"embeddable":true,"href":"https:\/\/www.defensiebrandweer.nl\/index.php\/wp-json\/wp\/v2\/comments?post=23108"}],"version-history":[{"count":6,"href":"https:\/\/www.defensiebrandweer.nl\/index.php\/wp-json\/wp\/v2\/pages\/23108\/revisions"}],"predecessor-version":[{"id":25476,"href":"https:\/\/www.defensiebrandweer.nl\/index.php\/wp-json\/wp\/v2\/pages\/23108\/revisions\/25476"}],"wp:attachment":[{"href":"https:\/\/www.defensiebrandweer.nl\/index.php\/wp-json\/wp\/v2\/media?parent=23108"}],"curies":[{"name":"wp","href":"https:\/\/api.w.org\/{rel}","templated":true}]}}