{"id":6035,"date":"2020-09-10T14:33:46","date_gmt":"2020-09-10T12:33:46","guid":{"rendered":"https:\/\/www.defensiebrandweer.nl\/?page_id=6035"},"modified":"2023-06-23T08:54:28","modified_gmt":"2023-06-23T06:54:28","slug":"kaz-409","status":"publish","type":"page","link":"https:\/\/www.defensiebrandweer.nl\/index.php\/kaz-409\/","title":{"rendered":"Kaz-409: Wezep &#8211; Willem de Zwijgerkazerne"},"content":{"rendered":"<p>Op deze pagina tref je informatie aan van:<\/p>\n<p><strong>Wezep &#8211; Willem de Zwijgerkazerne<\/strong><br \/>\n<strong>Zuiderzeestraatweg, 8091 EG Wezep<\/strong><\/p>\n<p><img loading=\"lazy\" decoding=\"async\" class=\"alignnone size-medium wp-image-8028\" src=\"https:\/\/www.defensiebrandweer.nl\/wp-content\/uploads\/2020\/10\/kaz-409-01-Wezep-Willem-de-Zwijgerkazerne-Legerplaats-NL-450x287.jpg\" alt=\"\" width=\"450\" height=\"287\" \/><br \/>\nFoto: Legerplaats.nl<\/p>\n<p>De kazerne werd opgeleverd in 1939. De Duitse bezetter tijdens de oorlog, in 1945 weer beschikbaar voor de landmacht. Tot februari 1946 de Artillerieschool en, tot hun vertrek naar Nederlands-Indi\u00eb in september van dat jaar, het 3-6 Regiment Veld Artillerie.<br \/>\nIn juli 1949 werd er het Vrijwilligers Opleidings Centrum (VOC) gevestigd, vanaf september 1951 als OnderOfficiers School (OOS) tot begin 1952. Eind jaren &#8217;50, begin jaren &#8217;60 het 11 Geniebataljon en als opvangcentrum voor evacu\u00e9s uit de voormalige koloni\u00ebn in Azi\u00eb. De rest van de jaren \u201960 tot en met begin jaren \u201880 in gebruik bij de 15e Afdeling Lichte Luchtdoelartillerie. Vanaf 1984 101 Bat KMar tot in 1996. Hierna werd de kazerne nog enige tijd gebruikt door 11 Pantsergenie Bataljon.<\/p>\n<p>In 1998 viel het doek voor de kazerne. Het oudste deel van de kazerne werd verhuurd aan de Glen Mills School, later als De Sprint tot juli 2010. In 2015 werd het complex herbestemd voor wonen.\u00a0Alle gebouwen zijn in fases verbouwd en hergebruikt. Bron: \u00a9jeoudekazernenu.nl.<\/p>\n<p>Dit complex was \/ is in gebruik bij de KL van 1939 &#8211; 1998.<\/p>\n<p><a href=\"http:\/\/jeoudekazernenu.nl\/kazernes-s-z\/willemdezwijger\/x-willemdezwijger.html\"><img loading=\"lazy\" decoding=\"async\" class=\"alignnone size-medium wp-image-4074 aligncenter\" src=\"https:\/\/www.defensiebrandweer.nl\/wp-content\/uploads\/2020\/08\/Brwredline-450x5.gif\" alt=\"\" width=\"450\" height=\"5\" \/><\/a><\/p>\n<p>Defensiebrandweer activiteiten:<\/p>\n<p>Hier was een KL Bedrijfsbrandweer actief.<\/p>\n<p>Nadere gegevens volgen.<\/p>\n<p>&nbsp;<\/p>\n<p>&nbsp;<\/p>\n<p>Link naar kazerne pagina van het onderdeel: <a href=\"http:\/\/jeoudekazernenu.nl\/kazernes-s-z\/willemdezwijger\/x-willemdezwijger.html\" target=\"_blank\" rel=\"noopener noreferrer\">jeoudekazernenu.nl<\/a>.<\/p>\n<p>Link naar info pagina van het onderdeel: <a href=\"http:\/\/www.legerplaats.nl\/\" target=\"_blank\" rel=\"noopener noreferrer\">Legerplaats.nl<\/a>.<\/p>\n<p>Overige links:<\/p>\n<p>&nbsp;<\/p>\n<p><img loading=\"lazy\" decoding=\"async\" class=\"alignnone size-full wp-image-392 aligncenter\" src=\"https:\/\/www.defensiebrandweer.nl\/wp-content\/uploads\/2020\/06\/Defensiebrandweer-NL-Outline-kl-goed-72-1.jpg\" alt=\"\" width=\"250\" height=\"21\" \/><\/p>\n<p style=\"text-align: center;\">Terug naar de pagina <strong><a href=\"https:\/\/www.defensiebrandweer.nl\/index.php\/locaties-defensie-2020\/\" target=\"_blank\" rel=\"noopener noreferrer\">Locaties Defensie<\/a>.<\/strong><\/p>\n<p style=\"text-align: center;\">Terug naar het <a href=\"https:\/\/www.defensiebrandweer.nl\/index.php\/spreadsheet-test-5\/\" target=\"_blank\" rel=\"noopener noreferrer\"><strong>Kentekenregister<\/strong> <strong>Brandweervoertuigen Defensie<\/strong><\/a>.<\/p>\n<p style=\"text-align: center;\">Terug naar de\u00a0 <strong><a href=\"https:\/\/www.defensiebrandweer.nl\/index.php\/stamkaarten-lijst\/\" target=\"_blank\" rel=\"noopener noreferrer\">Stamkaarten Lijst pagina<\/a>.<\/strong><\/p>\n<p style=\"text-align: center;\">Terug naar de <strong><a href=\"https:\/\/www.defensiebrandweer.nl\/\" target=\"_blank\" rel=\"noopener noreferrer\">Voorpagina<\/a>.<\/strong><\/p>\n<p style=\"text-align: center;\">Deze pagina is bijgewerkt op <strong>18-10-2020<\/strong>. FB.<\/p>\n<p><img loading=\"lazy\" decoding=\"async\" class=\"alignnone wp-image-17 aligncenter\" src=\"https:\/\/www.defensiebrandweer.nl\/wp-content\/uploads\/2020\/06\/Defensiebrandweer-logo-2020-002-Rond-1.jpg\" alt=\"\" width=\"80\" height=\"80\" \/><\/p>\n<p>&nbsp;<\/p>\n","protected":false},"excerpt":{"rendered":"<p>Op deze pagina tref je informatie aan van: Wezep &#8211; Willem de Zwijgerkazerne Zuiderzeestraatweg, 8091 EG Wezep Foto: Legerplaats.nl De kazerne werd opgeleverd in 1939. De Duitse bezetter tijdens de oorlog, in 1945 weer beschikbaar voor de landmacht. Tot februari 1946 de Artillerieschool en, tot hun vertrek naar Nederlands-Indi\u00eb in september van dat jaar, het [&hellip;]<\/p>\n","protected":false},"author":1,"featured_media":0,"parent":0,"menu_order":0,"comment_status":"closed","ping_status":"closed","template":"page_fullwidth.php","meta":{"_bbp_topic_count":0,"_bbp_reply_count":0,"_bbp_total_topic_count":0,"_bbp_total_reply_count":0,"_bbp_voice_count":0,"_bbp_anonymous_reply_count":0,"_bbp_topic_count_hidden":0,"_bbp_reply_count_hidden":0,"_bbp_forum_subforum_count":0,"_crdt_document":"","advgb_blocks_editor_width":"","advgb_blocks_columns_visual_guide":"","footnotes":""},"class_list":["post-6035","page","type-page","status-publish","hentry"],"coauthors":[],"author_meta":{"author_link":"https:\/\/www.defensiebrandweer.nl\/index.php\/author\/adm-fred\/","display_name":"Fred"},"relative_dates":{"created":"Geplaatst 6 jaar geleden","modified":"Bijgewerkt 3 jaar geleden"},"absolute_dates":{"created":"Geplaatst op 10 september 2020","modified":"Bijgewerkt op 23 juni 2023"},"absolute_dates_time":{"created":"Geplaatst op 10 september 2020 14:33","modified":"Bijgewerkt op 23 juni 2023 08:54"},"featured_img_caption":"","featured_img":false,"series_order":"","_links":{"self":[{"href":"https:\/\/www.defensiebrandweer.nl\/index.php\/wp-json\/wp\/v2\/pages\/6035","targetHints":{"allow":["GET"]}}],"collection":[{"href":"https:\/\/www.defensiebrandweer.nl\/index.php\/wp-json\/wp\/v2\/pages"}],"about":[{"href":"https:\/\/www.defensiebrandweer.nl\/index.php\/wp-json\/wp\/v2\/types\/page"}],"author":[{"embeddable":true,"href":"https:\/\/www.defensiebrandweer.nl\/index.php\/wp-json\/wp\/v2\/users\/1"}],"replies":[{"embeddable":true,"href":"https:\/\/www.defensiebrandweer.nl\/index.php\/wp-json\/wp\/v2\/comments?post=6035"}],"version-history":[{"count":7,"href":"https:\/\/www.defensiebrandweer.nl\/index.php\/wp-json\/wp\/v2\/pages\/6035\/revisions"}],"predecessor-version":[{"id":21460,"href":"https:\/\/www.defensiebrandweer.nl\/index.php\/wp-json\/wp\/v2\/pages\/6035\/revisions\/21460"}],"wp:attachment":[{"href":"https:\/\/www.defensiebrandweer.nl\/index.php\/wp-json\/wp\/v2\/media?parent=6035"}],"curies":[{"name":"wp","href":"https:\/\/api.w.org\/{rel}","templated":true}]}}